{"id":1444,"date":"2025-02-04T23:41:07","date_gmt":"2025-02-04T23:41:07","guid":{"rendered":"https:\/\/hiking4understanding.org\/?page_id=1444"},"modified":"2025-02-13T20:16:44","modified_gmt":"2025-02-13T20:16:44","slug":"m18-srb","status":"publish","type":"page","link":"https:\/\/hiking4understanding.org\/?page_id=1444&lang=sr","title":{"rendered":"M18 &#8211; SRB"},"content":{"rendered":"<p>[et_pb_section fb_built=&#8221;1&#8243; _builder_version=&#8221;4.27.0&#8243; _module_preset=&#8221;default&#8221; global_colors_info=&#8221;{}&#8221;][et_pb_row make_equal=&#8221;on&#8221; _builder_version=&#8221;4.27.0&#8243; _module_preset=&#8221;default&#8221; global_colors_info=&#8221;{}&#8221;][et_pb_column type=&#8221;4_4&#8243; _builder_version=&#8221;4.27.0&#8243; _module_preset=&#8221;default&#8221; global_colors_info=&#8221;{}&#8221;][et_pb_text module_class=&#8221;test&#8221; _builder_version=&#8221;4.27.0&#8243; _module_preset=&#8221;default&#8221; text_font=&#8221;Carme|700|||||||&#8221; text_text_color=&#8221;#13262F&#8221; text_font_size=&#8221;30px&#8221; text_orientation=&#8221;justified&#8221; hover_enabled=&#8221;0&#8243; custom_css_main_element=&#8221;border-left: 20px solid #b7ce63;||padding-bottom: 20px;||padding-top: 20px;||padding-left: 20px&#8221; global_colors_info=&#8221;{}&#8221; sticky_enabled=&#8221;0&#8243;]<\/p>\n<p style=\"text-align: justify;\">Zaklju\u010dak<\/p>\n<p>[\/et_pb_text][\/et_pb_column][\/et_pb_row][et_pb_row column_structure=&#8221;1_2,1_2&#8243; make_equal=&#8221;on&#8221; _builder_version=&#8221;4.27.0&#8243; _module_preset=&#8221;default&#8221; global_colors_info=&#8221;{}&#8221;][et_pb_column type=&#8221;1_2&#8243; _builder_version=&#8221;4.27.0&#8243; _module_preset=&#8221;default&#8221; global_colors_info=&#8221;{}&#8221;][et_pb_text _builder_version=&#8221;4.27.0&#8243; _module_preset=&#8221;default&#8221; text_font=&#8221;Carme||||||||&#8221; text_text_color=&#8221;#13262F&#8221; text_font_size=&#8221;18px&#8221; text_orientation=&#8221;justified&#8221; hover_enabled=&#8221;0&#8243; global_colors_info=&#8221;{}&#8221; sticky_enabled=&#8221;0&#8243;]<\/p>\n<p>Tema ja\u010danja me\u0111ugeneracijskog dijaloga kroz planinarske aktivnosti koje promovi\u0161u za\u0161titu \u017eivotne sredine i inkluziju, solidarnost i razumevanje unutar i van formalnih planinarskih praksi donosi zna\u010dajne koristi za mentalno i fizi\u010dko zdravlje ljudi razli\u010ditih generacija. Neformalno u\u010denje, koje se zasniva na interakciji, dijalogu i timskom radu, podsti\u010de ve\u0107u kreativnost i motivaciju me\u0111u planinarima.<\/p>\n<p>[\/et_pb_text][et_pb_text _builder_version=&#8221;4.27.0&#8243; _module_preset=&#8221;default&#8221; text_font=&#8221;Carme||||||||&#8221; text_text_color=&#8221;#13262F&#8221; text_font_size=&#8221;18px&#8221; text_orientation=&#8221;justified&#8221; hover_enabled=&#8221;0&#8243; global_colors_info=&#8221;{}&#8221; sticky_enabled=&#8221;0&#8243;]<\/p>\n<p>Stoga verujemo da \u0107e ovaj H4U priru\u010dnik, zahvaljuju\u0107i svom inovativnom karakteru, prona\u0107i svoje mesto u programima i aktivnostima va\u0161ih organizacija, bilo da dolazite iz planinarskog kluba, omladinske organizacije, ekolo\u0161kog kampa ili bilo koje druge komplementarne i relevantne organizacije koja te\u017ei ja\u010danju me\u0111ugeneracijskog dijaloga kroz planinarenje. S jedne strane, pomo\u0107i \u0107e vam da u\u010dinite svoje aktivnosti na temu me\u0111ugeneracijskog dijaloga efikasnijim i uticajnijim, dok \u0107e vam s druge strane omogu\u0107iti da istra\u017eite planinarenje kao alat za re\u0161avanje goru\u0107ih dru\u0161tvenih izazova.<\/p>\n<p>[\/et_pb_text][\/et_pb_column][et_pb_column type=&#8221;1_2&#8243; _builder_version=&#8221;4.27.0&#8243; _module_preset=&#8221;default&#8221; global_colors_info=&#8221;{}&#8221;][et_pb_image src=&#8221;https:\/\/hiking4understanding.org\/wp-content\/uploads\/2024\/12\/H4U.png&#8221; title_text=&#8221;H4U&#8221; align=&#8221;center&#8221; _builder_version=&#8221;4.27.0&#8243; _module_preset=&#8221;default&#8221; width=&#8221;85%&#8221; global_colors_info=&#8221;{}&#8221;][\/et_pb_image][\/et_pb_column][\/et_pb_row][et_pb_row column_structure=&#8221;1_2,1_2&#8243; _builder_version=&#8221;4.27.0&#8243; _module_preset=&#8221;default&#8221; global_colors_info=&#8221;{}&#8221;][et_pb_column type=&#8221;1_2&#8243; _builder_version=&#8221;4.27.0&#8243; _module_preset=&#8221;default&#8221; global_colors_info=&#8221;{}&#8221;][et_pb_button button_url=&#8221;@ET-DC@eyJkeW5hbWljIjp0cnVlLCJjb250ZW50IjoicG9zdF9saW5rX3VybF9wYWdlIiwic2V0dGluZ3MiOnsicG9zdF9pZCI6IjE0NDIifX0=@&#8221; button_text=&#8221;Prethodna&#8221; button_alignment=&#8221;right&#8221; _builder_version=&#8221;4.27.0&#8243; _dynamic_attributes=&#8221;button_url&#8221; _module_preset=&#8221;default&#8221; custom_button=&#8221;on&#8221; button_text_color=&#8221;#F9F9F9&#8243; button_bg_color=&#8221;#B7CE63&#8243; button_border_width=&#8221;0px&#8221; button_border_radius=&#8221;20px&#8221; button_font=&#8221;Carme||||||||&#8221; button_icon=&#8221;&#x23;||divi||400&#8243; button_icon_placement=&#8221;left&#8221; hover_enabled=&#8221;0&#8243; global_colors_info=&#8221;{}&#8221; button_bg_color__hover_enabled=&#8221;on|hover&#8221; button_bg_color__hover=&#8221;#13262F&#8221; button_bg_enable_color__hover=&#8221;on&#8221; transform_styles__hover_enabled=&#8221;on|hover&#8221; transform_scale__hover_enabled=&#8221;on|hover&#8221; transform_translate__hover_enabled=&#8221;on|desktop&#8221; transform_rotate__hover_enabled=&#8221;on|desktop&#8221; transform_skew__hover_enabled=&#8221;on|desktop&#8221; transform_origin__hover_enabled=&#8221;on|desktop&#8221; transform_scale__hover=&#8221;105%|105%&#8221; sticky_enabled=&#8221;0&#8243;][\/et_pb_button][\/et_pb_column][et_pb_column type=&#8221;1_2&#8243; _builder_version=&#8221;4.27.0&#8243; _module_preset=&#8221;default&#8221; global_colors_info=&#8221;{}&#8221;][et_pb_button button_url=&#8221;@ET-DC@eyJkeW5hbWljIjp0cnVlLCJjb250ZW50IjoicG9zdF9saW5rX3VybF9wYWdlIiwic2V0dGluZ3MiOnsicG9zdF9pZCI6IjE0NTEifX0=@&#8221; button_text=&#8221;Po\u010detak&#8221; button_alignment=&#8221;left&#8221; module_id=&#8221;next&#8221; _builder_version=&#8221;4.27.0&#8243; _dynamic_attributes=&#8221;button_url&#8221; _module_preset=&#8221;default&#8221; custom_button=&#8221;on&#8221; button_text_color=&#8221;#F9F9F9&#8243; button_bg_color=&#8221;#B7CE63&#8243; button_border_width=&#8221;0px&#8221; button_border_radius=&#8221;20px&#8221; button_font=&#8221;Carme||||||||&#8221; button_icon=&#8221;&#x24;||divi||400&#8243; custom_padding=&#8221;|38px||38px|false|true&#8221; hover_enabled=&#8221;0&#8243; global_colors_info=&#8221;{}&#8221; button_bg_color__hover_enabled=&#8221;on|hover&#8221; button_bg_color__hover=&#8221;#13262F&#8221; button_bg_enable_color__hover=&#8221;on&#8221; transform_styles__hover_enabled=&#8221;on|hover&#8221; transform_scale__hover_enabled=&#8221;on|hover&#8221; transform_translate__hover_enabled=&#8221;on|desktop&#8221; transform_rotate__hover_enabled=&#8221;on|desktop&#8221; transform_skew__hover_enabled=&#8221;on|desktop&#8221; transform_origin__hover_enabled=&#8221;on|desktop&#8221; transform_scale__hover=&#8221;105%|105%&#8221; sticky_enabled=&#8221;0&#8243;][\/et_pb_button][\/et_pb_column][\/et_pb_row][\/et_pb_section]<\/p>\n","protected":false},"excerpt":{"rendered":"<p>Zaklju\u010dakTema ja\u010danja me\u0111ugeneracijskog dijaloga kroz planinarske aktivnosti koje promovi\u0161u za\u0161titu \u017eivotne sredine i inkluziju, solidarnost i razumevanje unutar i van formalnih planinarskih praksi donosi zna\u010dajne koristi za mentalno i fizi\u010dko zdravlje ljudi razli\u010ditih generacija. Neformalno u\u010denje, koje se zasniva na interakciji, dijalogu i timskom radu, podsti\u010de ve\u0107u kreativnost i motivaciju me\u0111u planinarima.Stoga verujemo da \u0107e [&hellip;]<\/p>\n","protected":false},"author":3,"featured_media":0,"parent":0,"menu_order":0,"comment_status":"closed","ping_status":"closed","template":"","meta":{"_et_pb_use_builder":"on","_et_pb_old_content":"","_et_gb_content_width":"","footnotes":""},"class_list":["post-1444","page","type-page","status-publish","hentry"],"_links":{"self":[{"href":"https:\/\/hiking4understanding.org\/index.php?rest_route=\/wp\/v2\/pages\/1444","targetHints":{"allow":["GET"]}}],"collection":[{"href":"https:\/\/hiking4understanding.org\/index.php?rest_route=\/wp\/v2\/pages"}],"about":[{"href":"https:\/\/hiking4understanding.org\/index.php?rest_route=\/wp\/v2\/types\/page"}],"author":[{"embeddable":true,"href":"https:\/\/hiking4understanding.org\/index.php?rest_route=\/wp\/v2\/users\/3"}],"replies":[{"embeddable":true,"href":"https:\/\/hiking4understanding.org\/index.php?rest_route=%2Fwp%2Fv2%2Fcomments&post=1444"}],"version-history":[{"count":2,"href":"https:\/\/hiking4understanding.org\/index.php?rest_route=\/wp\/v2\/pages\/1444\/revisions"}],"predecessor-version":[{"id":1553,"href":"https:\/\/hiking4understanding.org\/index.php?rest_route=\/wp\/v2\/pages\/1444\/revisions\/1553"}],"wp:attachment":[{"href":"https:\/\/hiking4understanding.org\/index.php?rest_route=%2Fwp%2Fv2%2Fmedia&parent=1444"}],"curies":[{"name":"wp","href":"https:\/\/api.w.org\/{rel}","templated":true}]}}