{"id":1424,"date":"2025-02-04T23:31:41","date_gmt":"2025-02-04T23:31:41","guid":{"rendered":"https:\/\/hiking4understanding.org\/?page_id=1424"},"modified":"2025-02-10T15:07:22","modified_gmt":"2025-02-10T15:07:22","slug":"m8-srb","status":"publish","type":"page","link":"https:\/\/hiking4understanding.org\/?page_id=1424&lang=sr","title":{"rendered":"M8 &#8211; SRB"},"content":{"rendered":"<p>[et_pb_section fb_built=&#8221;1&#8243; _builder_version=&#8221;4.27.0&#8243; _module_preset=&#8221;default&#8221; global_colors_info=&#8221;{}&#8221;][et_pb_row make_equal=&#8221;on&#8221; _builder_version=&#8221;4.27.0&#8243; _module_preset=&#8221;default&#8221; global_colors_info=&#8221;{}&#8221;][et_pb_column type=&#8221;4_4&#8243; _builder_version=&#8221;4.27.0&#8243; _module_preset=&#8221;default&#8221; global_colors_info=&#8221;{}&#8221;][et_pb_text module_class=&#8221;test&#8221; _builder_version=&#8221;4.27.0&#8243; _module_preset=&#8221;default&#8221; text_font=&#8221;Carme|700|||||||&#8221; text_text_color=&#8221;#13262F&#8221; text_font_size=&#8221;30px&#8221; text_orientation=&#8221;justified&#8221; custom_css_main_element=&#8221;border-left: 20px solid #b7ce63;||padding-bottom: 20px;||padding-top: 20px;||padding-left: 20px&#8221; global_colors_info=&#8221;{}&#8221;]<\/p>\n<p style=\"text-align: justify;\">Priprema<\/p>\n<p>[\/et_pb_text][\/et_pb_column][\/et_pb_row][et_pb_row column_structure=&#8221;1_2,1_2&#8243; make_equal=&#8221;on&#8221; _builder_version=&#8221;4.27.0&#8243; _module_preset=&#8221;default&#8221; global_colors_info=&#8221;{}&#8221;][et_pb_column type=&#8221;1_2&#8243; _builder_version=&#8221;4.27.0&#8243; _module_preset=&#8221;default&#8221; global_colors_info=&#8221;{}&#8221;][et_pb_text _builder_version=&#8221;4.27.0&#8243; _module_preset=&#8221;default&#8221; text_font=&#8221;Carme||||||||&#8221; text_text_color=&#8221;#13262F&#8221; text_font_size=&#8221;18px&#8221; text_orientation=&#8221;justified&#8221; global_colors_info=&#8221;{}&#8221;]<\/p>\n<p>Organizovanje aktivnosti Hiking for Understanding (H4U) zahteva pa\u017eljivu pripremu kako bi se osigurala i bezbednost i smisleno iskustvo. Efikasna priprema obuhvata nekoliko klju\u010dnih koraka:<\/p>\n<p>1. <strong>Izbor u\u010desnika<\/strong><\/p>\n<ul>\n<li><span style=\"font-size: 18px;\">Organizovanje aktivnosti Hiking for Understanding (H4U) zahteva pa\u017eljivu pripremu kako bi se osigurala i bezbednost i smisleno iskustvo. Efikasna priprema obuhvata nekoliko klju\u010dnih koraka <\/span><\/li>\n<\/ul>\n<ul>\n<li>Organizovanje aktivnosti Hiking for Understanding (H4U) zahteva pa\u017eljivu pripremu kako bi se osigurala i bezbednost i smisleno iskustvo. Efikasna priprema obuhvata nekoliko klju\u010dnih koraka.<\/li>\n<\/ul>\n<p>[\/et_pb_text][\/et_pb_column][et_pb_column type=&#8221;1_2&#8243; _builder_version=&#8221;4.27.0&#8243; _module_preset=&#8221;default&#8221; global_colors_info=&#8221;{}&#8221;][et_pb_image src=&#8221;https:\/\/hiking4understanding.org\/wp-content\/uploads\/2024\/12\/H4U.png&#8221; title_text=&#8221;H4U&#8221; align=&#8221;center&#8221; _builder_version=&#8221;4.27.0&#8243; _module_preset=&#8221;default&#8221; width=&#8221;85%&#8221; global_colors_info=&#8221;{}&#8221;][\/et_pb_image][\/et_pb_column][\/et_pb_row][et_pb_row make_equal=&#8221;on&#8221; _builder_version=&#8221;4.27.0&#8243; _module_preset=&#8221;default&#8221; global_colors_info=&#8221;{}&#8221;][et_pb_column type=&#8221;4_4&#8243; _builder_version=&#8221;4.27.0&#8243; _module_preset=&#8221;default&#8221; global_colors_info=&#8221;{}&#8221;][et_pb_text _builder_version=&#8221;4.27.0&#8243; _module_preset=&#8221;default&#8221; text_font=&#8221;Carme||||||||&#8221; text_text_color=&#8221;#13262F&#8221; text_font_size=&#8221;18px&#8221; text_orientation=&#8221;justified&#8221; global_colors_info=&#8221;{}&#8221;]<\/p>\n<p>2. <strong>Prilago\u0111avanje aktivnosti<\/strong><\/p>\n<p><strong><\/strong><\/p>\n<ul>\n<li>Nakon \u0161to su u\u010desnici identifikovani, planinarenje se mo\u017ee prilagoditi njihovim potrebama i preferencijama. To mo\u017ee uklju\u010divati izbor odgovaraju\u0107ih ruta ili modifikaciju aktivnosti prema fizi\u010dkoj spremnosti i interesovanjima grupe (Robinson, 2019).<\/li>\n<\/ul>\n<p>[\/et_pb_text][et_pb_text _builder_version=&#8221;4.27.0&#8243; _module_preset=&#8221;default&#8221; text_font=&#8221;Carme||||||||&#8221; text_text_color=&#8221;#13262F&#8221; text_font_size=&#8221;18px&#8221; text_orientation=&#8221;justified&#8221; hover_enabled=&#8221;0&#8243; global_colors_info=&#8221;{}&#8221; sticky_enabled=&#8221;0&#8243;]<\/p>\n<p>3. <strong>Priprema u\u010desnika<\/strong><\/p>\n<ul>\n<li>Organizovanje aktivnosti Hiking for Understanding (H4U) zahteva pa\u017eljivu pripremu kako bi se osigurala i bezbednost i smisleno iskustvo. Efikasna priprema obuhvata nekoliko klju\u010dnih koraka.<\/li>\n<li>Organizovanje aktivnosti Hiking for Understanding (H4U) zahteva pa\u017eljivu pripremu kako bi se osigurala i bezbednost i smisleno iskustvo. Efikasna priprema obuhvata nekoliko klju\u010dnih koraka:<\/li>\n<\/ul>\n<p>[\/et_pb_text][\/et_pb_column][\/et_pb_row][et_pb_row make_equal=&#8221;on&#8221; _builder_version=&#8221;4.27.0&#8243; _module_preset=&#8221;default&#8221; global_colors_info=&#8221;{}&#8221;][et_pb_column type=&#8221;4_4&#8243; _builder_version=&#8221;4.27.0&#8243; _module_preset=&#8221;default&#8221; global_colors_info=&#8221;{}&#8221;][et_pb_text module_class=&#8221;test&#8221; _builder_version=&#8221;4.27.0&#8243; _module_preset=&#8221;default&#8221; text_font=&#8221;Carme|700|||||||&#8221; text_text_color=&#8221;#13262F&#8221; text_font_size=&#8221;30px&#8221; text_orientation=&#8221;justified&#8221; custom_css_main_element=&#8221;border-left: 20px solid #b7ce63;||padding-bottom: 20px;||padding-top: 20px;||padding-left: 20px&#8221; global_colors_info=&#8221;{}&#8221;]<\/p>\n<p>Implementacija<\/p>\n<p>[\/et_pb_text][\/et_pb_column][\/et_pb_row][et_pb_row column_structure=&#8221;2_5,3_5&#8243; make_equal=&#8221;on&#8221; _builder_version=&#8221;4.27.0&#8243; _module_preset=&#8221;default&#8221; global_colors_info=&#8221;{}&#8221;][et_pb_column type=&#8221;2_5&#8243; _builder_version=&#8221;4.27.0&#8243; _module_preset=&#8221;default&#8221; global_colors_info=&#8221;{}&#8221;][et_pb_image src=&#8221;https:\/\/hiking4understanding.org\/wp-content\/uploads\/2024\/12\/H4U-1.png&#8221; title_text=&#8221;H4U (1)&#8221; _builder_version=&#8221;4.27.0&#8243; _module_preset=&#8221;default&#8221; global_colors_info=&#8221;{}&#8221;][\/et_pb_image][\/et_pb_column][et_pb_column type=&#8221;3_5&#8243; _builder_version=&#8221;4.27.0&#8243; _module_preset=&#8221;default&#8221; global_colors_info=&#8221;{}&#8221;][et_pb_text _builder_version=&#8221;4.27.0&#8243; _module_preset=&#8221;default&#8221; text_font=&#8221;Carme||||||||&#8221; text_text_color=&#8221;#13262F&#8221; text_font_size=&#8221;18px&#8221; text_orientation=&#8221;justified&#8221; hover_enabled=&#8221;0&#8243; global_colors_info=&#8221;{}&#8221; sticky_enabled=&#8221;0&#8243;]<\/p>\n<ol>\n<li><strong>Uvo\u0111enje pravila aktivnosti<\/strong><\/li>\n<\/ol>\n<ul>\n<li>Na po\u010detku planinarenja upoznajte u\u010desnike sa pravilima i ciljevima aktivnosti. Jasne smernice spre\u010davaju nesporazume i obezbe\u0111uju glatku saradnju tokom doga\u0111aja (Robinson, 2019).<\/li>\n<\/ul>\n<ol start=\"2\">\n<li><strong>Aktivnosti za izgradnju tima<\/strong><\/li>\n<\/ol>\n<ul>\n<li>Pre po\u010detka planinarenja uklju\u010dite u\u010desnike u aktivnosti za razbijanje leda ili ve\u017ebe timskog rada. Ove aktivnosti podsti\u010du poverenje i komunikaciju me\u0111u \u010dlanovima grupe, \u0161to je klju\u010dno za me\u0111ugeneracijsku saradnju (McCorkle i Reese, 2017).<\/li>\n<\/ul>\n<p>[\/et_pb_text][\/et_pb_column][\/et_pb_row][et_pb_row make_equal=&#8221;on&#8221; _builder_version=&#8221;4.27.0&#8243; _module_preset=&#8221;default&#8221; global_colors_info=&#8221;{}&#8221;][et_pb_column type=&#8221;4_4&#8243; _builder_version=&#8221;4.27.0&#8243; _module_preset=&#8221;default&#8221; global_colors_info=&#8221;{}&#8221;][et_pb_text _builder_version=&#8221;4.27.0&#8243; _module_preset=&#8221;default&#8221; text_font=&#8221;Carme||||||||&#8221; text_text_color=&#8221;#13262F&#8221; text_font_size=&#8221;18px&#8221; text_orientation=&#8221;justified&#8221; hover_enabled=&#8221;0&#8243; global_colors_info=&#8221;{}&#8221; sticky_enabled=&#8221;0&#8243;]<\/p>\n<ol start=\"3\">\n<li><strong>Priprema timova i volontera<\/strong><\/li>\n<\/ol>\n<ul>\n<li><span> <\/span>Dodelite odgovornosti volonterima, uklju\u010duju\u0107i vodi\u010de ruta, osobe za prvu pomo\u0107 i fasilitatore aktivnosti. Obezbedite da svi \u010dlanovi tima razumeju svoje uloge i zadatke.<\/li>\n<li><span> <\/span>Odr\u017eite brifing pre planinarenja sa volonterima i koordinatorima kako biste re\u0161ili logisti\u010dka i bezbednosna pitanja.<\/li>\n<\/ul>\n<ul><\/ul>\n<ol start=\"4\">\n<li><strong>Mere bezbednosti<\/strong><\/li>\n<\/ol>\n<ul>\n<li>Planiranje bezbednosti je klju\u010dno za aktivnosti na otvorenom. Identifikujte potencijalne rizike, pru\u017eite u\u010desnicima smernice za bezbednost i obezbedite pristup priboru za prvu pomo\u0107 i ure\u0111ajima za hitnu komunikaciju (DeMarco i Salvesen, 2014)<\/li>\n<\/ul>\n<p>[\/et_pb_text][\/et_pb_column][\/et_pb_row][et_pb_row make_equal=&#8221;on&#8221; _builder_version=&#8221;4.27.0&#8243; _module_preset=&#8221;default&#8221; global_colors_info=&#8221;{}&#8221;][et_pb_column type=&#8221;4_4&#8243; _builder_version=&#8221;4.27.0&#8243; _module_preset=&#8221;default&#8221; global_colors_info=&#8221;{}&#8221;][et_pb_text module_class=&#8221;test&#8221; _builder_version=&#8221;4.27.0&#8243; _module_preset=&#8221;default&#8221; text_font=&#8221;Carme|700|||||||&#8221; text_text_color=&#8221;#13262F&#8221; text_font_size=&#8221;30px&#8221; text_orientation=&#8221;justified&#8221; custom_css_main_element=&#8221;border-left: 20px solid #b7ce63;||padding-bottom: 20px;||padding-top: 20px;||padding-left: 20px;&#8221; global_colors_info=&#8221;{}&#8221;]<\/p>\n<p>Pra\u0107enje aktivnosti<\/p>\n<p>[\/et_pb_text][et_pb_text _builder_version=&#8221;4.27.0&#8243; _module_preset=&#8221;default&#8221; text_font=&#8221;Carme||||||||&#8221; text_text_color=&#8221;#13262F&#8221; text_font_size=&#8221;18px&#8221; text_orientation=&#8221;justified&#8221; hover_enabled=&#8221;0&#8243; global_colors_info=&#8221;{}&#8221; sticky_enabled=&#8221;0&#8243;]<\/p>\n<p>Faza pra\u0107enja obezbe\u0111uje kontinuirano unapre\u0111enje i pru\u017ea u\u010desnicima priliku za zaklju\u010dak i refleksiju<\/p>\n<p>[\/et_pb_text][\/et_pb_column][\/et_pb_row][et_pb_row make_equal=&#8221;on&#8221; _builder_version=&#8221;4.27.0&#8243; _module_preset=&#8221;default&#8221; global_colors_info=&#8221;{}&#8221;][et_pb_column type=&#8221;4_4&#8243; _builder_version=&#8221;4.27.0&#8243; _module_preset=&#8221;default&#8221; global_colors_info=&#8221;{}&#8221;][et_pb_text _builder_version=&#8221;4.27.0&#8243; _module_preset=&#8221;default&#8221; text_font=&#8221;Carme||||||||&#8221; text_text_color=&#8221;#13262F&#8221; text_font_size=&#8221;18px&#8221; text_orientation=&#8221;justified&#8221; hover_enabled=&#8221;0&#8243; global_colors_info=&#8221;{}&#8221; sticky_enabled=&#8221;0&#8243;]<\/p>\n<ol>\n<li><strong>Sesije za povratne informacije<\/strong><\/li>\n<\/ol>\n<ul>\n<li>Na kraju aktivnosti organizujte grupne sesije refleksije gde u\u010desnici dele svoja iskustva. Ovo podsti\u010de li\u010dnu refleksiju i pru\u017ea dragocene uvide za organizatore.<\/li>\n<\/ul>\n<ol start=\"2\">\n<li><strong>Evaluacioni obrasci<\/strong><\/li>\n<\/ol>\n<ul>\n<li>Podelite evaluacione obrasce kako biste prikupili povratne informacije o organizaciji, aktivnostima i ukupnom iskustvu. Koristite kvalitativna i kvantitativna pitanja za procenu efikasnosti doga\u0111aja (Robinson, 2019)<\/li>\n<\/ul>\n<ol start=\"3\">\n<li><strong>Unapre\u0111enje budu\u0107ih aktivnosti<\/strong><\/li>\n<\/ol>\n<ul>\n<li>Analizirajte povratne informacije kako biste identifikovali snage i oblasti za unapre\u0111enje. Dokumentujte nau\u010dene lekcije i prilagodite budu\u0107e aktivnosti kako biste pobolj\u0161ali iskustva u\u010desnika i re\u0161ili izazove.<\/li>\n<\/ul>\n<p>[\/et_pb_text][\/et_pb_column][\/et_pb_row][et_pb_row column_structure=&#8221;1_2,1_2&#8243; _builder_version=&#8221;4.27.0&#8243; _module_preset=&#8221;default&#8221; global_colors_info=&#8221;{}&#8221;][et_pb_column type=&#8221;1_2&#8243; _builder_version=&#8221;4.27.0&#8243; _module_preset=&#8221;default&#8221; global_colors_info=&#8221;{}&#8221;][et_pb_button button_url=&#8221;@ET-DC@eyJkeW5hbWljIjp0cnVlLCJjb250ZW50IjoicG9zdF9saW5rX3VybF9wYWdlIiwic2V0dGluZ3MiOnsicG9zdF9pZCI6IjE0MjIifX0=@&#8221; button_text=&#8221;Prethodna&#8221; button_alignment=&#8221;right&#8221; _builder_version=&#8221;4.27.0&#8243; _dynamic_attributes=&#8221;button_url&#8221; _module_preset=&#8221;default&#8221; custom_button=&#8221;on&#8221; button_text_color=&#8221;#F9F9F9&#8243; button_bg_color=&#8221;#B7CE63&#8243; button_border_width=&#8221;0px&#8221; button_border_radius=&#8221;20px&#8221; button_font=&#8221;Carme||||||||&#8221; button_icon=&#8221;&#x23;||divi||400&#8243; button_icon_placement=&#8221;left&#8221; hover_enabled=&#8221;0&#8243; global_colors_info=&#8221;{}&#8221; button_bg_color__hover_enabled=&#8221;on|hover&#8221; button_bg_color__hover=&#8221;#13262F&#8221; button_bg_enable_color__hover=&#8221;on&#8221; transform_styles__hover_enabled=&#8221;on|hover&#8221; transform_scale__hover_enabled=&#8221;on|hover&#8221; transform_translate__hover_enabled=&#8221;on|desktop&#8221; transform_rotate__hover_enabled=&#8221;on|desktop&#8221; transform_skew__hover_enabled=&#8221;on|desktop&#8221; transform_origin__hover_enabled=&#8221;on|desktop&#8221; transform_scale__hover=&#8221;105%|105%&#8221; sticky_enabled=&#8221;0&#8243;][\/et_pb_button][\/et_pb_column][et_pb_column type=&#8221;1_2&#8243; _builder_version=&#8221;4.27.0&#8243; _module_preset=&#8221;default&#8221; global_colors_info=&#8221;{}&#8221;][et_pb_button button_url=&#8221;@ET-DC@eyJkeW5hbWljIjp0cnVlLCJjb250ZW50IjoicG9zdF9saW5rX3VybF9wYWdlIiwic2V0dGluZ3MiOnsicG9zdF9pZCI6IjE0MjYifX0=@&#8221; button_text=&#8221;Slede\u0107a&#8221; button_alignment=&#8221;left&#8221; module_id=&#8221;next&#8221; _builder_version=&#8221;4.27.0&#8243; _dynamic_attributes=&#8221;button_url&#8221; _module_preset=&#8221;default&#8221; custom_button=&#8221;on&#8221; button_text_color=&#8221;#F9F9F9&#8243; button_bg_color=&#8221;#B7CE63&#8243; button_border_width=&#8221;0px&#8221; button_border_radius=&#8221;20px&#8221; button_font=&#8221;Carme||||||||&#8221; button_icon=&#8221;&#x24;||divi||400&#8243; custom_padding=&#8221;|38px||38px|false|true&#8221; hover_enabled=&#8221;0&#8243; global_colors_info=&#8221;{}&#8221; button_bg_color__hover_enabled=&#8221;on|hover&#8221; button_bg_color__hover=&#8221;#13262F&#8221; button_bg_enable_color__hover=&#8221;on&#8221; transform_styles__hover_enabled=&#8221;on|hover&#8221; transform_scale__hover_enabled=&#8221;on|hover&#8221; transform_translate__hover_enabled=&#8221;on|desktop&#8221; transform_rotate__hover_enabled=&#8221;on|desktop&#8221; transform_skew__hover_enabled=&#8221;on|desktop&#8221; transform_origin__hover_enabled=&#8221;on|desktop&#8221; transform_scale__hover=&#8221;105%|105%&#8221; sticky_enabled=&#8221;0&#8243;][\/et_pb_button][\/et_pb_column][\/et_pb_row][\/et_pb_section]<\/p>\n","protected":false},"excerpt":{"rendered":"<p>PripremaOrganizovanje aktivnosti Hiking for Understanding (H4U) zahteva pa\u017eljivu pripremu kako bi se osigurala i bezbednost i smisleno iskustvo. Efikasna priprema obuhvata nekoliko klju\u010dnih koraka: 1. Izbor u\u010desnika Organizovanje aktivnosti Hiking for Understanding (H4U) zahteva pa\u017eljivu pripremu kako bi se osigurala i bezbednost i smisleno iskustvo. Efikasna priprema obuhvata nekoliko klju\u010dnih koraka Organizovanje aktivnosti Hiking for [&hellip;]<\/p>\n","protected":false},"author":3,"featured_media":0,"parent":0,"menu_order":0,"comment_status":"closed","ping_status":"closed","template":"","meta":{"_et_pb_use_builder":"on","_et_pb_old_content":"","_et_gb_content_width":"","footnotes":""},"class_list":["post-1424","page","type-page","status-publish","hentry"],"_links":{"self":[{"href":"https:\/\/hiking4understanding.org\/index.php?rest_route=\/wp\/v2\/pages\/1424","targetHints":{"allow":["GET"]}}],"collection":[{"href":"https:\/\/hiking4understanding.org\/index.php?rest_route=\/wp\/v2\/pages"}],"about":[{"href":"https:\/\/hiking4understanding.org\/index.php?rest_route=\/wp\/v2\/types\/page"}],"author":[{"embeddable":true,"href":"https:\/\/hiking4understanding.org\/index.php?rest_route=\/wp\/v2\/users\/3"}],"replies":[{"embeddable":true,"href":"https:\/\/hiking4understanding.org\/index.php?rest_route=%2Fwp%2Fv2%2Fcomments&post=1424"}],"version-history":[{"count":2,"href":"https:\/\/hiking4understanding.org\/index.php?rest_route=\/wp\/v2\/pages\/1424\/revisions"}],"predecessor-version":[{"id":1521,"href":"https:\/\/hiking4understanding.org\/index.php?rest_route=\/wp\/v2\/pages\/1424\/revisions\/1521"}],"wp:attachment":[{"href":"https:\/\/hiking4understanding.org\/index.php?rest_route=%2Fwp%2Fv2%2Fmedia&parent=1424"}],"curies":[{"name":"wp","href":"https:\/\/api.w.org\/{rel}","templated":true}]}}