{"id":1414,"date":"2025-02-04T23:27:28","date_gmt":"2025-02-04T23:27:28","guid":{"rendered":"https:\/\/hiking4understanding.org\/?page_id=1414"},"modified":"2025-02-05T00:03:03","modified_gmt":"2025-02-05T00:03:03","slug":"m3-srb","status":"publish","type":"page","link":"https:\/\/hiking4understanding.org\/?page_id=1414&lang=sr","title":{"rendered":"M3 &#8211; SRB"},"content":{"rendered":"<p>[et_pb_section fb_built=&#8221;1&#8243; _builder_version=&#8221;4.27.0&#8243; _module_preset=&#8221;default&#8221; global_colors_info=&#8221;{}&#8221;][et_pb_row column_structure=&#8221;3_5,2_5&#8243; make_equal=&#8221;on&#8221; _builder_version=&#8221;4.27.0&#8243; _module_preset=&#8221;default&#8221; hover_enabled=&#8221;0&#8243; global_colors_info=&#8221;{}&#8221; sticky_enabled=&#8221;0&#8243;][et_pb_column type=&#8221;3_5&#8243; _builder_version=&#8221;4.27.0&#8243; _module_preset=&#8221;default&#8221; global_colors_info=&#8221;{}&#8221;][et_pb_text _builder_version=&#8221;4.27.0&#8243; _module_preset=&#8221;default&#8221; text_font=&#8221;Carme||||||||&#8221; text_text_color=&#8221;#13262F&#8221; text_font_size=&#8221;18px&#8221; text_orientation=&#8221;justified&#8221; global_colors_info=&#8221;{}&#8221;]<\/p>\n<p>Priru\u010dnik \u201eH4U\u201c sadr\u017ei klju\u010dna znanja iz neformalnog obrazovanja (NFE), neformalnog obrazovanja kroz sport i iskustvenog u\u010denja. Ove ve\u0161tine su neophodne za uspe\u0161nu primenu metodologija \u201eH4U\u201c. U narednim poglavljima \u010ditaoci \u0107e imati priliku da nau\u010de vi\u0161e o neformalnom obrazovanju i kako da pripreme i sprovode obrazovne prakse zasnovane na sportu. Upoznavanjem sa iskustvenim u\u010denjem, \u010ditaoci \u0107e mo\u0107i da olak\u0161aju interaktivna i refleksivna obrazovna iskustva kroz sport za me\u0111ugeneracijske grupe u okviru aktivnosti \u201eH4U\u201c.<\/p>\n<p>Rad s me\u0111ugeneracijskim grupama zahteva specifi\u010dna znanja o facilitaciji, prilago\u0111avanju potrebama razli\u010ditih generacija i re\u0161avanju eventualnih pona\u0161ajnih izazova. Na kraju, priru\u010dnik nudi osam inovativnih i prilago\u0111enih metodologija koje se lako mogu primeniti u radu planinarskih klubova, omladinskih organizacija i ekolo\u0161kih kampova. Svaka metodologija je prilagodljiva razli\u010ditim kontekstima, a bavi se aspektima za\u0161tite \u017eivotne sredine i inkluzije kroz me\u0111ugeneracijsku saradnju.<\/p>\n<p>[\/et_pb_text][\/et_pb_column][et_pb_column type=&#8221;2_5&#8243; _builder_version=&#8221;4.27.0&#8243; _module_preset=&#8221;default&#8221; global_colors_info=&#8221;{}&#8221;][et_pb_image src=&#8221;https:\/\/hiking4understanding.org\/wp-content\/uploads\/2024\/12\/H4U-5.png&#8221; title_text=&#8221;H4U (5)&#8221; _builder_version=&#8221;4.27.0&#8243; _module_preset=&#8221;default&#8221; transform_scale=&#8221;148%|148%&#8221; transform_rotate=&#8221;336deg|0deg|350deg&#8221; max_width=&#8221;101%&#8221; global_colors_info=&#8221;{}&#8221;][\/et_pb_image][\/et_pb_column][\/et_pb_row][et_pb_row make_equal=&#8221;on&#8221; _builder_version=&#8221;4.27.0&#8243; _module_preset=&#8221;default&#8221; global_colors_info=&#8221;{}&#8221;][et_pb_column type=&#8221;4_4&#8243; _builder_version=&#8221;4.27.0&#8243; _module_preset=&#8221;default&#8221; global_colors_info=&#8221;{}&#8221;][et_pb_text _builder_version=&#8221;4.27.0&#8243; _module_preset=&#8221;default&#8221; text_font=&#8221;Carme|700|||||||&#8221; text_text_color=&#8221;#13262F&#8221; text_font_size=&#8221;30px&#8221; text_orientation=&#8221;justified&#8221; hover_enabled=&#8221;0&#8243; global_colors_info=&#8221;{}&#8221; sticky_enabled=&#8221;0&#8243;]<\/p>\n<h1 style=\"text-indent: -.3pt; margin: 0in 0in 12.95pt -.25pt;\"><span lang=\"MK\">Saveti za kori\u0161\u0107enje priru\u010dnika<o:p><\/o:p><\/span><\/h1>\n<p>[\/et_pb_text][\/et_pb_column][\/et_pb_row][et_pb_row make_equal=&#8221;on&#8221; _builder_version=&#8221;4.27.0&#8243; _module_preset=&#8221;default&#8221; global_colors_info=&#8221;{}&#8221;][et_pb_column type=&#8221;4_4&#8243; _builder_version=&#8221;4.27.0&#8243; _module_preset=&#8221;default&#8221; global_colors_info=&#8221;{}&#8221;][et_pb_text _builder_version=&#8221;4.27.0&#8243; _module_preset=&#8221;default&#8221; text_font=&#8221;Carme||||||||&#8221; text_text_color=&#8221;#13262F&#8221; text_font_size=&#8221;18px&#8221; text_orientation=&#8221;justified&#8221; hover_enabled=&#8221;0&#8243; global_colors_info=&#8221;{}&#8221; sticky_enabled=&#8221;0&#8243;]<\/p>\n<p><span>Priru\u010dnik je pedago\u0161ko sredstvo i vodi\u010d za organizovanje aktivnosti. Sadr\u017ei sve neophodne smernice za razvoj aktivnosti, ali ne mora i ne treba biti jedino pedago\u0161ko sredstvo tokom aktivnosti. Za pravilnu i uspe\u0161nu realizaciju aktivnosti, treba slediti slede\u0107e preporu\u010dene smernice:<\/span><\/p>\n<ol>\n<li><span> <\/span><span><strong>Prilago\u0111avanje:<\/strong> Smernice i aktivnosti iz Priru\u010dnika treba prilagoditi uslovima u okru\u017eenju. Sve aktivnosti su planirane tako da se lako mogu prilagoditi postoje\u0107im uslovima.<\/span><\/li>\n<li><span> <\/span><span><strong>Kreativnost<\/strong>: Priru\u010dnik je pripremljen na na\u010din koji podsti\u010de razvoj kreativnosti u\u010desnika.<\/span><\/li>\n<\/ol>\n<p>[\/et_pb_text][\/et_pb_column][\/et_pb_row][et_pb_row column_structure=&#8221;1_2,1_2&#8243; _builder_version=&#8221;4.27.0&#8243; _module_preset=&#8221;default&#8221; global_colors_info=&#8221;{}&#8221;][et_pb_column type=&#8221;1_2&#8243; _builder_version=&#8221;4.27.0&#8243; _module_preset=&#8221;default&#8221; global_colors_info=&#8221;{}&#8221;][et_pb_button button_url=&#8221;@ET-DC@eyJkeW5hbWljIjp0cnVlLCJjb250ZW50IjoicG9zdF9saW5rX3VybF9wYWdlIiwic2V0dGluZ3MiOnsicG9zdF9pZCI6IjE0MTIifX0=@&#8221; button_text=&#8221;Prethodna&#8221; button_alignment=&#8221;right&#8221; _builder_version=&#8221;4.27.0&#8243; _dynamic_attributes=&#8221;button_url&#8221; _module_preset=&#8221;default&#8221; custom_button=&#8221;on&#8221; button_text_color=&#8221;#F9F9F9&#8243; button_bg_color=&#8221;#B7CE63&#8243; button_border_width=&#8221;0px&#8221; button_border_radius=&#8221;20px&#8221; button_font=&#8221;Carme||||||||&#8221; button_icon=&#8221;&#x23;||divi||400&#8243; button_icon_placement=&#8221;left&#8221; hover_enabled=&#8221;0&#8243; global_colors_info=&#8221;{}&#8221; button_bg_color__hover_enabled=&#8221;on|hover&#8221; button_bg_color__hover=&#8221;#13262F&#8221; button_bg_enable_color__hover=&#8221;on&#8221; transform_styles__hover_enabled=&#8221;on|hover&#8221; transform_scale__hover_enabled=&#8221;on|hover&#8221; transform_translate__hover_enabled=&#8221;on|desktop&#8221; transform_rotate__hover_enabled=&#8221;on|desktop&#8221; transform_skew__hover_enabled=&#8221;on|desktop&#8221; transform_origin__hover_enabled=&#8221;on|desktop&#8221; transform_scale__hover=&#8221;105%|105%&#8221; sticky_enabled=&#8221;0&#8243;][\/et_pb_button][\/et_pb_column][et_pb_column type=&#8221;1_2&#8243; _builder_version=&#8221;4.27.0&#8243; _module_preset=&#8221;default&#8221; global_colors_info=&#8221;{}&#8221;][et_pb_button button_url=&#8221;@ET-DC@eyJkeW5hbWljIjp0cnVlLCJjb250ZW50IjoicG9zdF9saW5rX3VybF9wYWdlIiwic2V0dGluZ3MiOnsicG9zdF9pZCI6IjE0MTYifX0=@&#8221; button_text=&#8221;Slede\u0107a&#8221; button_alignment=&#8221;left&#8221; module_id=&#8221;next&#8221; _builder_version=&#8221;4.27.0&#8243; _dynamic_attributes=&#8221;button_url&#8221; _module_preset=&#8221;default&#8221; custom_button=&#8221;on&#8221; button_text_color=&#8221;#F9F9F9&#8243; button_bg_color=&#8221;#B7CE63&#8243; button_border_width=&#8221;0px&#8221; button_border_radius=&#8221;20px&#8221; button_font=&#8221;Carme||||||||&#8221; button_icon=&#8221;&#x24;||divi||400&#8243; custom_padding=&#8221;|38px||38px|false|true&#8221; hover_enabled=&#8221;0&#8243; global_colors_info=&#8221;{}&#8221; button_bg_color__hover_enabled=&#8221;on|hover&#8221; button_bg_color__hover=&#8221;#13262F&#8221; button_bg_enable_color__hover=&#8221;on&#8221; transform_styles__hover_enabled=&#8221;on|hover&#8221; transform_scale__hover_enabled=&#8221;on|hover&#8221; transform_translate__hover_enabled=&#8221;on|desktop&#8221; transform_rotate__hover_enabled=&#8221;on|desktop&#8221; transform_skew__hover_enabled=&#8221;on|desktop&#8221; transform_origin__hover_enabled=&#8221;on|desktop&#8221; transform_scale__hover=&#8221;105%|105%&#8221; sticky_enabled=&#8221;0&#8243;][\/et_pb_button][\/et_pb_column][\/et_pb_row][\/et_pb_section]<\/p>\n","protected":false},"excerpt":{"rendered":"<p>Priru\u010dnik \u201eH4U\u201c sadr\u017ei klju\u010dna znanja iz neformalnog obrazovanja (NFE), neformalnog obrazovanja kroz sport i iskustvenog u\u010denja. Ove ve\u0161tine su neophodne za uspe\u0161nu primenu metodologija \u201eH4U\u201c. U narednim poglavljima \u010ditaoci \u0107e imati priliku da nau\u010de vi\u0161e o neformalnom obrazovanju i kako da pripreme i sprovode obrazovne prakse zasnovane na sportu. Upoznavanjem sa iskustvenim u\u010denjem, \u010ditaoci \u0107e [&hellip;]<\/p>\n","protected":false},"author":3,"featured_media":0,"parent":0,"menu_order":0,"comment_status":"closed","ping_status":"closed","template":"","meta":{"_et_pb_use_builder":"on","_et_pb_old_content":"","_et_gb_content_width":"","footnotes":""},"class_list":["post-1414","page","type-page","status-publish","hentry"],"_links":{"self":[{"href":"https:\/\/hiking4understanding.org\/index.php?rest_route=\/wp\/v2\/pages\/1414","targetHints":{"allow":["GET"]}}],"collection":[{"href":"https:\/\/hiking4understanding.org\/index.php?rest_route=\/wp\/v2\/pages"}],"about":[{"href":"https:\/\/hiking4understanding.org\/index.php?rest_route=\/wp\/v2\/types\/page"}],"author":[{"embeddable":true,"href":"https:\/\/hiking4understanding.org\/index.php?rest_route=\/wp\/v2\/users\/3"}],"replies":[{"embeddable":true,"href":"https:\/\/hiking4understanding.org\/index.php?rest_route=%2Fwp%2Fv2%2Fcomments&post=1414"}],"version-history":[{"count":2,"href":"https:\/\/hiking4understanding.org\/index.php?rest_route=\/wp\/v2\/pages\/1414\/revisions"}],"predecessor-version":[{"id":1457,"href":"https:\/\/hiking4understanding.org\/index.php?rest_route=\/wp\/v2\/pages\/1414\/revisions\/1457"}],"wp:attachment":[{"href":"https:\/\/hiking4understanding.org\/index.php?rest_route=%2Fwp%2Fv2%2Fmedia&parent=1414"}],"curies":[{"name":"wp","href":"https:\/\/api.w.org\/{rel}","templated":true}]}}