{"id":1173,"date":"2025-02-03T23:05:35","date_gmt":"2025-02-03T23:05:35","guid":{"rendered":"https:\/\/hiking4understanding.org\/?page_id=1173"},"modified":"2025-02-14T15:22:59","modified_gmt":"2025-02-14T15:22:59","slug":"share-initiatives-srb","status":"publish","type":"page","link":"https:\/\/hiking4understanding.org\/?page_id=1173&lang=sr","title":{"rendered":"Share Initiatives &#8211; SRB"},"content":{"rendered":"<p>[et_pb_section fb_built=&#8221;1&#8243; _builder_version=&#8221;4.27.0&#8243; _module_preset=&#8221;default&#8221; use_background_color_gradient=&#8221;on&#8221; background_color_gradient_type=&#8221;circular&#8221; background_color_gradient_stops=&#8221;rgba(19,38,47,0.7) 22%|rgba(19,38,47,0.67) 63%&#8221; background_color_gradient_overlays_image=&#8221;on&#8221; background_image=&#8221;https:\/\/hiking4understanding.org\/wp-content\/uploads\/2024\/08\/H4U-2.png&#8221; custom_margin=&#8221;-80px||||false|false&#8221; global_colors_info=&#8221;{}&#8221;][et_pb_row _builder_version=&#8221;4.27.0&#8243; _module_preset=&#8221;default&#8221; max_width=&#8221;1920px&#8221; custom_padding=&#8221;150px||||false|false&#8221; global_colors_info=&#8221;{}&#8221;][et_pb_column type=&#8221;4_4&#8243; _builder_version=&#8221;4.24.0&#8243; _module_preset=&#8221;default&#8221; global_colors_info=&#8221;{}&#8221;][et_pb_heading title=&#8221;Podelite inicijative&#8221; _builder_version=&#8221;4.27.0&#8243; _module_preset=&#8221;default&#8221; title_font=&#8221;Carme|700|||||||&#8221; title_text_align=&#8221;center&#8221; title_text_color=&#8221;#F9F9F9&#8243; title_font_size=&#8221;50px&#8221; global_colors_info=&#8221;{}&#8221;][\/et_pb_heading][et_pb_text _builder_version=&#8221;4.27.0&#8243; _module_preset=&#8221;default&#8221; text_font=&#8221;Carme||||||||&#8221; text_text_color=&#8221;#F9F9F9&#8243; text_font_size=&#8221;18px&#8221; text_orientation=&#8221;center&#8221; custom_padding=&#8221;|250px||250px|false|true&#8221; global_colors_info=&#8221;{}&#8221;]<\/p>\n<p>Ovde se mo\u017eete usredsrediti na najnovije inicijative koje su podeljene i pomo\u0107i drugima razmenom sopstvenih ideja i inicijativa. Zapamtite, zajedni\u010dki rad je klju\u010d uspeha.<\/p>\n<p>[\/et_pb_text][\/et_pb_column][\/et_pb_row][\/et_pb_section][et_pb_section fb_built=&#8221;1&#8243; _builder_version=&#8221;4.27.0&#8243; _module_preset=&#8221;default&#8221; background_color=&#8221;#FFFFFF&#8221; custom_padding=&#8221;25px|||||&#8221; global_colors_info=&#8221;{}&#8221;][et_pb_row column_structure=&#8221;1_2,1_2&#8243; _builder_version=&#8221;4.27.0&#8243; _module_preset=&#8221;default&#8221; global_colors_info=&#8221;{}&#8221;][et_pb_column type=&#8221;1_2&#8243; _builder_version=&#8221;4.24.0&#8243; _module_preset=&#8221;default&#8221; global_colors_info=&#8221;{}&#8221;][et_pb_heading title=&#8221;Po\u0161alji svoju inicijativu&#8221; _builder_version=&#8221;4.27.0&#8243; _module_preset=&#8221;default&#8221; title_font=&#8221;Carme|700|||||||&#8221; title_text_align=&#8221;left&#8221; title_text_color=&#8221;#13262F&#8221; title_font_size=&#8221;50px&#8221; global_colors_info=&#8221;{}&#8221;][\/et_pb_heading][et_pb_text _builder_version=&#8221;4.27.0&#8243; _module_preset=&#8221;default&#8221; text_font=&#8221;Carme||||||||&#8221; text_font_size=&#8221;18px&#8221; custom_padding=&#8221;||||false|true&#8221; global_colors_info=&#8221;{}&#8221;]<\/p>\n<p style=\"text-align: justify;\">Podelite svoju inicijativu i podr\u017eite druge zainteresovane strane u promovisanju planinarenja kao resursa koji \u0107e u\u010diniti na\u0161e zajednice zdravijim, me\u0111usobno povezanijim i tolerantnijim!<\/p>\n<p>[\/et_pb_text][\/et_pb_column][et_pb_column type=&#8221;1_2&#8243; _builder_version=&#8221;4.24.0&#8243; _module_preset=&#8221;default&#8221; global_colors_info=&#8221;{}&#8221;][et_pb_contact_form captcha=&#8221;off&#8221; _builder_version=&#8221;4.27.0&#8243; _module_preset=&#8221;default&#8221; _unique_id=&#8221;06397986-de41-40b7-a60e-c1e75aa92719&#8243; form_field_background_color=&#8221;#F9F9F9&#8243; form_field_text_color=&#8221;#13262F&#8221; form_field_focus_background_color=&#8221;#13262F&#8221; form_field_focus_text_color=&#8221;#F9F9F9&#8243; form_field_font=&#8221;Carme||||||||&#8221; custom_button=&#8221;on&#8221; button_text_color=&#8221;#F9F9F9&#8243; button_bg_color=&#8221;#13262F&#8221; button_border_radius=&#8221;2px&#8221; button_icon=&#8221;&#x49;||divi||400&#8243; global_colors_info=&#8221;{}&#8221;][et_pb_contact_field field_id=&#8221;nameoforg&#8221; field_title=&#8221;Naziv organizacije\/kluba&#8221; fullwidth_field=&#8221;on&#8221; _builder_version=&#8221;4.27.0&#8243; _module_preset=&#8221;default&#8221; global_colors_info=&#8221;{}&#8221;][\/et_pb_contact_field][et_pb_contact_field field_id=&#8221;Ime&#8221; field_title=&#8221;Naslov inicijative&#8221; _builder_version=&#8221;4.27.0&#8243; global_colors_info=&#8221;{}&#8221; button_text_size__hover_enabled=&#8221;off&#8221; button_one_text_size__hover_enabled=&#8221;off&#8221; button_two_text_size__hover_enabled=&#8221;off&#8221; button_text_color__hover_enabled=&#8221;off&#8221; button_one_text_color__hover_enabled=&#8221;off&#8221; button_two_text_color__hover_enabled=&#8221;off&#8221; button_border_width__hover_enabled=&#8221;off&#8221; button_one_border_width__hover_enabled=&#8221;off&#8221; button_two_border_width__hover_enabled=&#8221;off&#8221; button_border_color__hover_enabled=&#8221;off&#8221; button_one_border_color__hover_enabled=&#8221;off&#8221; button_two_border_color__hover_enabled=&#8221;off&#8221; button_border_radius__hover_enabled=&#8221;off&#8221; button_one_border_radius__hover_enabled=&#8221;off&#8221; button_two_border_radius__hover_enabled=&#8221;off&#8221; button_letter_spacing__hover_enabled=&#8221;off&#8221; button_one_letter_spacing__hover_enabled=&#8221;off&#8221; button_two_letter_spacing__hover_enabled=&#8221;off&#8221; button_bg_color__hover_enabled=&#8221;off&#8221; button_one_bg_color__hover_enabled=&#8221;off&#8221; button_two_bg_color__hover_enabled=&#8221;off&#8221;][\/et_pb_contact_field][et_pb_contact_field field_id=&#8221;Email&#8221; field_title=&#8221;Adresa e-po\u0161te&#8221; field_type=&#8221;email&#8221; _builder_version=&#8221;4.27.0&#8243; global_colors_info=&#8221;{}&#8221; button_text_size__hover_enabled=&#8221;off&#8221; button_one_text_size__hover_enabled=&#8221;off&#8221; button_two_text_size__hover_enabled=&#8221;off&#8221; button_text_color__hover_enabled=&#8221;off&#8221; button_one_text_color__hover_enabled=&#8221;off&#8221; button_two_text_color__hover_enabled=&#8221;off&#8221; button_border_width__hover_enabled=&#8221;off&#8221; button_one_border_width__hover_enabled=&#8221;off&#8221; button_two_border_width__hover_enabled=&#8221;off&#8221; button_border_color__hover_enabled=&#8221;off&#8221; button_one_border_color__hover_enabled=&#8221;off&#8221; button_two_border_color__hover_enabled=&#8221;off&#8221; button_border_radius__hover_enabled=&#8221;off&#8221; button_one_border_radius__hover_enabled=&#8221;off&#8221; button_two_border_radius__hover_enabled=&#8221;off&#8221; button_letter_spacing__hover_enabled=&#8221;off&#8221; button_one_letter_spacing__hover_enabled=&#8221;off&#8221; button_two_letter_spacing__hover_enabled=&#8221;off&#8221; button_bg_color__hover_enabled=&#8221;off&#8221; button_one_bg_color__hover_enabled=&#8221;off&#8221; button_two_bg_color__hover_enabled=&#8221;off&#8221;][\/et_pb_contact_field][et_pb_contact_field field_id=&#8221;Poruka&#8221; field_title=&#8221;Opis inicijative&#8221; field_type=&#8221;text&#8221; fullwidth_field=&#8221;on&#8221; _builder_version=&#8221;4.27.0&#8243; global_colors_info=&#8221;{}&#8221; button_text_size__hover_enabled=&#8221;off&#8221; button_one_text_size__hover_enabled=&#8221;off&#8221; button_two_text_size__hover_enabled=&#8221;off&#8221; button_text_color__hover_enabled=&#8221;off&#8221; button_one_text_color__hover_enabled=&#8221;off&#8221; button_two_text_color__hover_enabled=&#8221;off&#8221; button_border_width__hover_enabled=&#8221;off&#8221; button_one_border_width__hover_enabled=&#8221;off&#8221; button_two_border_width__hover_enabled=&#8221;off&#8221; button_border_color__hover_enabled=&#8221;off&#8221; button_one_border_color__hover_enabled=&#8221;off&#8221; button_two_border_color__hover_enabled=&#8221;off&#8221; button_border_radius__hover_enabled=&#8221;off&#8221; button_one_border_radius__hover_enabled=&#8221;off&#8221; button_two_border_radius__hover_enabled=&#8221;off&#8221; button_letter_spacing__hover_enabled=&#8221;off&#8221; button_one_letter_spacing__hover_enabled=&#8221;off&#8221; button_two_letter_spacing__hover_enabled=&#8221;off&#8221; button_bg_color__hover_enabled=&#8221;off&#8221; button_one_bg_color__hover_enabled=&#8221;off&#8221; button_two_bg_color__hover_enabled=&#8221;off&#8221;][\/et_pb_contact_field][\/et_pb_contact_form][\/et_pb_column][\/et_pb_row][\/et_pb_section][et_pb_section fb_built=&#8221;1&#8243; _builder_version=&#8221;4.27.0&#8243; _module_preset=&#8221;default&#8221; background_color=&#8221;#FFFFFF&#8221; custom_padding=&#8221;25px|||||&#8221; global_colors_info=&#8221;{}&#8221;][et_pb_row _builder_version=&#8221;4.24.0&#8243; _module_preset=&#8221;default&#8221; global_colors_info=&#8221;{}&#8221;][et_pb_column type=&#8221;4_4&#8243; _builder_version=&#8221;4.24.0&#8243; _module_preset=&#8221;default&#8221; global_colors_info=&#8221;{}&#8221;][et_pb_heading title=&#8221;Inicijative &#8221; _builder_version=&#8221;4.27.0&#8243; _module_preset=&#8221;default&#8221; title_font=&#8221;Carme|700|||||||&#8221; title_text_align=&#8221;center&#8221; title_text_color=&#8221;#13262F&#8221; title_font_size=&#8221;50px&#8221; global_colors_info=&#8221;{}&#8221;][\/et_pb_heading][et_pb_text _builder_version=&#8221;4.27.0&#8243; _module_preset=&#8221;default&#8221; text_font=&#8221;Carme||||||||&#8221; text_font_size=&#8221;18px&#8221; text_orientation=&#8221;justified&#8221; custom_padding=&#8221;|200px||200px|false|true&#8221; global_colors_info=&#8221;{}&#8221;]<\/p>\n<p style=\"text-align: center;\">Pogledajte inicijative koje su nedavno poslale neke druge organizacije!<\/p>\n<p>[\/et_pb_text][\/et_pb_column][\/et_pb_row][et_pb_row _builder_version=&#8221;4.27.0&#8243; _module_preset=&#8221;default&#8221; global_colors_info=&#8221;{}&#8221;][et_pb_column type=&#8221;4_4&#8243; _builder_version=&#8221;4.27.0&#8243; _module_preset=&#8221;default&#8221; global_colors_info=&#8221;{}&#8221;][et_pb_blog fullwidth=&#8221;off&#8221; posts_number=&#8221;3&#8243; include_categories=&#8221;109&#8243; show_more=&#8221;on&#8221; show_author=&#8221;off&#8221; show_date=&#8221;off&#8221; show_categories=&#8221;off&#8221; use_overlay=&#8221;on&#8221; overlay_icon_color=&#8221;#B7CE63&#8243; hover_icon=&#8221;&#xf002;||fa||900&#8243; _builder_version=&#8221;4.27.0&#8243; _module_preset=&#8221;default&#8221; header_font=&#8221;Carme|700|||||||&#8221; header_text_align=&#8221;center&#8221; body_font=&#8221;Carme||||||||&#8221; body_text_align=&#8221;justify&#8221; custom_padding=&#8221;|0px||||&#8221; hover_enabled=&#8221;0&#8243; global_colors_info=&#8221;{}&#8221; sticky_enabled=&#8221;0&#8243;][\/et_pb_blog][\/et_pb_column][\/et_pb_row][\/et_pb_section]<\/p>\n","protected":false},"excerpt":{"rendered":"<p>Ovde se mo\u017eete usredsrediti na najnovije inicijative koje su podeljene i pomo\u0107i drugima razmenom sopstvenih ideja i inicijativa. Zapamtite, zajedni\u010dki rad je klju\u010d uspeha.Podelite svoju inicijativu i podr\u017eite druge zainteresovane strane u promovisanju planinarenja kao resursa koji \u0107e u\u010diniti na\u0161e zajednice zdravijim, me\u0111usobno povezanijim i tolerantnijim!Pogledajte inicijative koje su nedavno poslale neke druge organizacije!<\/p>\n","protected":false},"author":3,"featured_media":0,"parent":0,"menu_order":0,"comment_status":"closed","ping_status":"closed","template":"","meta":{"_et_pb_use_builder":"on","_et_pb_old_content":"","_et_gb_content_width":"","footnotes":""},"class_list":["post-1173","page","type-page","status-publish","hentry"],"_links":{"self":[{"href":"https:\/\/hiking4understanding.org\/index.php?rest_route=\/wp\/v2\/pages\/1173","targetHints":{"allow":["GET"]}}],"collection":[{"href":"https:\/\/hiking4understanding.org\/index.php?rest_route=\/wp\/v2\/pages"}],"about":[{"href":"https:\/\/hiking4understanding.org\/index.php?rest_route=\/wp\/v2\/types\/page"}],"author":[{"embeddable":true,"href":"https:\/\/hiking4understanding.org\/index.php?rest_route=\/wp\/v2\/users\/3"}],"replies":[{"embeddable":true,"href":"https:\/\/hiking4understanding.org\/index.php?rest_route=%2Fwp%2Fv2%2Fcomments&post=1173"}],"version-history":[{"count":3,"href":"https:\/\/hiking4understanding.org\/index.php?rest_route=\/wp\/v2\/pages\/1173\/revisions"}],"predecessor-version":[{"id":1617,"href":"https:\/\/hiking4understanding.org\/index.php?rest_route=\/wp\/v2\/pages\/1173\/revisions\/1617"}],"wp:attachment":[{"href":"https:\/\/hiking4understanding.org\/index.php?rest_route=%2Fwp%2Fv2%2Fmedia&parent=1173"}],"curies":[{"name":"wp","href":"https:\/\/api.w.org\/{rel}","templated":true}]}}